{"id":4156,"date":"2024-06-17T07:21:48","date_gmt":"2024-06-17T07:21:48","guid":{"rendered":"https:\/\/hotellialexander.fi\/?page_id=4156"},"modified":"2024-06-17T07:23:05","modified_gmt":"2024-06-17T07:23:05","slug":"alexwilis-oy","status":"publish","type":"page","link":"https:\/\/hotellialexander.fi\/en\/alexwilis-oy\/","title":{"rendered":"Alex&amp;Wilis Oy"},"content":{"rendered":"<div data-elementor-type=\"wp-page\" data-elementor-id=\"4156\" class=\"elementor elementor-4156\" data-elementor-post-type=\"page\">\n\t\t\t\t\t\t<section class=\"elementor-section elementor-top-section elementor-element elementor-element-3ab0a58 elementor-section-boxed elementor-section-height-default elementor-section-height-default\" data-id=\"3ab0a58\" data-element_type=\"section\">\n\t\t\t\t\t\t<div class=\"elementor-container elementor-column-gap-default\">\n\t\t\t\t\t<div class=\"elementor-column elementor-col-100 elementor-top-column elementor-element elementor-element-50c7c3e\" data-id=\"50c7c3e\" data-element_type=\"column\">\n\t\t\t<div class=\"elementor-widget-wrap elementor-element-populated\">\n\t\t\t\t\t\t<div class=\"elementor-element elementor-element-fa7a9a8 elementor-widget elementor-widget-heading\" data-id=\"fa7a9a8\" data-element_type=\"widget\" data-widget_type=\"heading.default\">\n\t\t\t\t<div class=\"elementor-widget-container\">\n\t\t\t<style>\/*! elementor - v3.22.0 - 16-06-2024 *\/\n.elementor-heading-title{padding:0;margin:0;line-height:1}.elementor-widget-heading .elementor-heading-title[class*=elementor-size-]>a{color:inherit;font-size:inherit;line-height:inherit}.elementor-widget-heading .elementor-heading-title.elementor-size-small{font-size:15px}.elementor-widget-heading .elementor-heading-title.elementor-size-medium{font-size:19px}.elementor-widget-heading .elementor-heading-title.elementor-size-large{font-size:29px}.elementor-widget-heading .elementor-heading-title.elementor-size-xl{font-size:39px}.elementor-widget-heading .elementor-heading-title.elementor-size-xxl{font-size:59px}<\/style><h2 class=\"elementor-heading-title elementor-size-default\">Alex&amp;Wilis Oy<\/h2>\t\t<\/div>\n\t\t\t\t<\/div>\n\t\t\t\t<div class=\"elementor-element elementor-element-72064de elementor-widget elementor-widget-text-editor\" data-id=\"72064de\" data-element_type=\"widget\" data-widget_type=\"text-editor.default\">\n\t\t\t\t<div class=\"elementor-widget-container\">\n\t\t\t<style>\/*! elementor - v3.22.0 - 16-06-2024 *\/\n.elementor-widget-text-editor.elementor-drop-cap-view-stacked .elementor-drop-cap{background-color:#69727d;color:#fff}.elementor-widget-text-editor.elementor-drop-cap-view-framed .elementor-drop-cap{color:#69727d;border:3px solid;background-color:transparent}.elementor-widget-text-editor:not(.elementor-drop-cap-view-default) .elementor-drop-cap{margin-top:8px}.elementor-widget-text-editor:not(.elementor-drop-cap-view-default) .elementor-drop-cap-letter{width:1em;height:1em}.elementor-widget-text-editor .elementor-drop-cap{float:left;text-align:center;line-height:1;font-size:50px}.elementor-widget-text-editor .elementor-drop-cap-letter{display:inline-block}<\/style>\t\t\t\t<div class=\"ingressi\"><p><strong>Alex&amp;Wilis operates in the accommodation and catering sector<\/strong><\/p><\/div><p>We are the largest accommodation provider in the area, with enough capacity to accommodate more than 80 people in summer.<\/p><p>In addition to accommodation and caf\u00e9 activities, we also organise events, catering, farm tourism, transport hire and sell ice cream at M\u00e4ntt\u00e4's ice cream kiosk in the summer.<\/p><p>Our hotel has a contemporary alexlifestyle shop, where you'll find the season's trendiest clothes, jewellery and lovely interior design products. Cafe Alex works in partnership with the Leporanta farm and sells Angus beef and specialities such as the House Meatball Salad!<\/p><p>Come and find out more!<\/p>\t\t\t\t\t\t<\/div>\n\t\t\t\t<\/div>\n\t\t\t\t\t<\/div>\n\t\t<\/div>\n\t\t\t\t\t<\/div>\n\t\t<\/section>\n\t\t\t\t<\/div>","protected":false},"excerpt":{"rendered":"<p>Alex&amp;Wilis Oy Alex&amp;Wilis operates in the accommodation and caf\u00e9 sector We are the largest accommodation provider in the area, with enough capacity to accommodate over 80 people in the summer. In addition to our accommodation and caf\u00e9 activities, we also organise events, catering, farm tourism, transport hire and sell ice cream at our M\u00e4ntt\u00e4 ice cream kiosk during the summer. In connection with our hotel we have a contemporary alexlifestyle shop, where you can find the season's trendiest clothes, jewellery and lovely interior design products. Cafe Alex works in collaboration with Leporanta farm [...]<\/p>","protected":false},"author":1,"featured_media":0,"parent":0,"menu_order":0,"comment_status":"closed","ping_status":"closed","template":"","meta":{"footnotes":""},"class_list":["post-4156","page","type-page","status-publish","hentry"],"_links":{"self":[{"href":"https:\/\/hotellialexander.fi\/en\/wp-json\/wp\/v2\/pages\/4156","targetHints":{"allow":["GET"]}}],"collection":[{"href":"https:\/\/hotellialexander.fi\/en\/wp-json\/wp\/v2\/pages"}],"about":[{"href":"https:\/\/hotellialexander.fi\/en\/wp-json\/wp\/v2\/types\/page"}],"author":[{"embeddable":true,"href":"https:\/\/hotellialexander.fi\/en\/wp-json\/wp\/v2\/users\/1"}],"replies":[{"embeddable":true,"href":"https:\/\/hotellialexander.fi\/en\/wp-json\/wp\/v2\/comments?post=4156"}],"version-history":[{"count":4,"href":"https:\/\/hotellialexander.fi\/en\/wp-json\/wp\/v2\/pages\/4156\/revisions"}],"predecessor-version":[{"id":4160,"href":"https:\/\/hotellialexander.fi\/en\/wp-json\/wp\/v2\/pages\/4156\/revisions\/4160"}],"wp:attachment":[{"href":"https:\/\/hotellialexander.fi\/en\/wp-json\/wp\/v2\/media?parent=4156"}],"curies":[{"name":"wp","href":"https:\/\/api.w.org\/{rel}","templated":true}]}}